{"id":53,"date":"2024-09-10T03:05:39","date_gmt":"2024-09-10T03:05:39","guid":{"rendered":"https:\/\/readingwhilewalking.com\/about-page-2\/"},"modified":"2026-01-03T20:37:26","modified_gmt":"2026-01-03T20:37:26","slug":"about-me","status":"publish","type":"page","link":"https:\/\/readingwhilewalking.com\/pt\/about-me\/","title":{"rendered":"Marcela Santos Brigida"},"content":{"rendered":"<div class=\"wp-block-group alignfull has-raft-bg-alt-background-color has-background has-global-padding is-layout-constrained wp-container-core-group-is-layout-ca21e7af wp-block-group-is-layout-constrained\" style=\"margin-top:0;margin-bottom:0;padding-top:var(--wp--preset--spacing--80);padding-right:var(--wp--preset--spacing--40);padding-bottom:var(--wp--preset--spacing--80);padding-left:var(--wp--preset--spacing--40)\">\n<figure class=\"wp-block-image aligncenter size-large is-resized\"><img loading=\"lazy\" decoding=\"async\" width=\"1024\" height=\"1024\" src=\"https:\/\/readingwhilewalking.com\/wp-content\/uploads\/2024\/09\/marcela-s-brigida-1024x1024.png\" alt=\"\" class=\"wp-image-93\" style=\"width:273px;height:auto\" srcset=\"https:\/\/readingwhilewalking.com\/wp-content\/uploads\/2024\/09\/marcela-s-brigida-1024x1024.png 1024w, https:\/\/readingwhilewalking.com\/wp-content\/uploads\/2024\/09\/marcela-s-brigida-300x300.png 300w, https:\/\/readingwhilewalking.com\/wp-content\/uploads\/2024\/09\/marcela-s-brigida-150x150.png 150w, https:\/\/readingwhilewalking.com\/wp-content\/uploads\/2024\/09\/marcela-s-brigida-768x768.png 768w, https:\/\/readingwhilewalking.com\/wp-content\/uploads\/2024\/09\/marcela-s-brigida.png 1080w\" sizes=\"auto, (max-width: 1024px) 100vw, 1024px\" \/><\/figure>\n\n\n\n<p style=\"text-align: justify;\">Marcela Santos Brigida \u00e9 uma acad\u00eamica, tradutora e escritora brasileira. Sua pesquisa concentra-se nas adapta\u00e7\u00f5es e apropria\u00e7\u00f5es da fic\u00e7\u00e3o de Charles Dickens em obras do s\u00e9culo XXI, na cultura material e no livro na Inglaterra do s\u00e9culo XIX, e na literatura irlandesa contempor\u00e2nea. Tamb\u00e9m publicou na \u00e1rea de Estudos da Performance e Educa\u00e7\u00e3o e Justi\u00e7a Social.<\/p>\n<p style=\"text-align: justify;\">\u00c9 Professora de Literatura Inglesa na Universidade do Estado do Rio de Janeiro (UERJ), onde coordena o projeto de extens\u00e3o <a href=\"https:\/\/literaturainglesa.com.br\" target=\"_blank\" rel=\"noopener\">Literatura Inglesa Brasil<\/a>. Na mesma institui\u00e7\u00e3o, \u00e9 professora permanente da \u00e1rea de Estudos de Literatura do Programa de P\u00f3s-gradua\u00e7\u00e3o em Letras (PPGL\/UERJ), atuando na especialidade Literaturas de L\u00edngua Inglesa. \u00c9 l\u00edder do grupo de pesquisa <a href=\"https:\/\/narraroagora.com\" target=\"_blank\" rel=\"noopener\">NOA \u2013 Narrar o Agora<\/a>. Publica resenhas e ensaios na newsletter <a href=\"https:\/\/readingwhilewalking.substack.com\" target=\"_blank\" rel=\"noopener\">Reading While Walking.<\/a><\/p>\n<p>Encontre publica\u00e7\u00f5es selecionadas <a href=\"https:\/\/readingwhilewalking.com\/pt\/publications\/\" target=\"_blank\" rel=\"noopener\">aqui<\/a>. | <a href=\"https:\/\/orcid.org\/0000-0002-0951-1603\" target=\"_blank\" rel=\"noopener\">ORCID<\/a><\/p>\n<\/div>","protected":false},"excerpt":{"rendered":"<p>Marcela Santos Brigida is a Brazilian scholar, translator, and writer. Her research focuses on adaptations and appropriations of Charles Dickens\u2019s fiction in twenty-first-century works, on material culture and the book in nineteenth-century England, and on contemporary Irish literature. She has also published in the fields of Performance Studies and Education and Social Justice. She is [&hellip;]<\/p>\n","protected":false},"author":1,"featured_media":0,"parent":0,"menu_order":0,"comment_status":"closed","ping_status":"closed","template":"","meta":{"_acf_changed":false,"nf_dc_page":"","_themeisle_gutenberg_block_has_review":false,"footnotes":""},"class_list":["post-53","page","type-page","status-publish","hentry"],"acf":[],"yoast_head":"<!-- This site is optimized with the Yoast SEO plugin v27.4 - https:\/\/yoast.com\/product\/yoast-seo-wordpress\/ -->\n<title>Marcela Santos Brigida - Reading While Walking<\/title>\n<meta name=\"robots\" content=\"index, follow, max-snippet:-1, max-image-preview:large, max-video-preview:-1\" \/>\n<link rel=\"canonical\" href=\"https:\/\/readingwhilewalking.com\/pt\/about-me\/\" \/>\n<meta property=\"og:locale\" content=\"pt_BR\" \/>\n<meta property=\"og:type\" content=\"article\" \/>\n<meta property=\"og:title\" content=\"Marcela Santos Brigida - Reading While Walking\" \/>\n<meta property=\"og:description\" content=\"Marcela Santos Brigida is a Brazilian scholar, translator, and writer. Her research focuses on adaptations and appropriations of Charles Dickens\u2019s fiction in twenty-first-century works, on material culture and the book in nineteenth-century England, and on contemporary Irish literature. She has also published in the fields of Performance Studies and Education and Social Justice. She is [&hellip;]\" \/>\n<meta property=\"og:url\" content=\"https:\/\/readingwhilewalking.com\/pt\/about-me\/\" \/>\n<meta property=\"og:site_name\" content=\"Reading While Walking\" \/>\n<meta property=\"article:modified_time\" content=\"2026-01-03T20:37:26+00:00\" \/>\n<meta property=\"og:image\" content=\"https:\/\/readingwhilewalking.com\/wp-content\/uploads\/2024\/09\/marcela-s-brigida.png\" \/>\n\t<meta property=\"og:image:width\" content=\"1080\" \/>\n\t<meta property=\"og:image:height\" content=\"1080\" \/>\n\t<meta property=\"og:image:type\" content=\"image\/png\" \/>\n<meta name=\"twitter:card\" content=\"summary_large_image\" \/>\n<meta name=\"twitter:label1\" content=\"Est. tempo de leitura\" \/>\n\t<meta name=\"twitter:data1\" content=\"1 minuto\" \/>\n<script type=\"application\/ld+json\" class=\"yoast-schema-graph\">{\"@context\":\"https:\\\/\\\/schema.org\",\"@graph\":[{\"@type\":\"WebPage\",\"@id\":\"https:\\\/\\\/readingwhilewalking.com\\\/about-me\\\/\",\"url\":\"https:\\\/\\\/readingwhilewalking.com\\\/about-me\\\/\",\"name\":\"Marcela Santos Brigida - Reading While Walking\",\"isPartOf\":{\"@id\":\"https:\\\/\\\/readingwhilewalking.com\\\/#website\"},\"primaryImageOfPage\":{\"@id\":\"https:\\\/\\\/readingwhilewalking.com\\\/about-me\\\/#primaryimage\"},\"image\":{\"@id\":\"https:\\\/\\\/readingwhilewalking.com\\\/about-me\\\/#primaryimage\"},\"thumbnailUrl\":\"https:\\\/\\\/readingwhilewalking.com\\\/wp-content\\\/uploads\\\/2024\\\/09\\\/marcela-s-brigida-1024x1024.png\",\"datePublished\":\"2024-09-10T03:05:39+00:00\",\"dateModified\":\"2026-01-03T20:37:26+00:00\",\"breadcrumb\":{\"@id\":\"https:\\\/\\\/readingwhilewalking.com\\\/about-me\\\/#breadcrumb\"},\"inLanguage\":\"pt-BR\",\"potentialAction\":[{\"@type\":\"ReadAction\",\"target\":[\"https:\\\/\\\/readingwhilewalking.com\\\/about-me\\\/\"]}]},{\"@type\":\"ImageObject\",\"inLanguage\":\"pt-BR\",\"@id\":\"https:\\\/\\\/readingwhilewalking.com\\\/about-me\\\/#primaryimage\",\"url\":\"https:\\\/\\\/readingwhilewalking.com\\\/wp-content\\\/uploads\\\/2024\\\/09\\\/marcela-s-brigida-1024x1024.png\",\"contentUrl\":\"https:\\\/\\\/readingwhilewalking.com\\\/wp-content\\\/uploads\\\/2024\\\/09\\\/marcela-s-brigida-1024x1024.png\"},{\"@type\":\"BreadcrumbList\",\"@id\":\"https:\\\/\\\/readingwhilewalking.com\\\/about-me\\\/#breadcrumb\",\"itemListElement\":[{\"@type\":\"ListItem\",\"position\":1,\"name\":\"Home\",\"item\":\"https:\\\/\\\/readingwhilewalking.com\\\/\"},{\"@type\":\"ListItem\",\"position\":2,\"name\":\"Marcela Santos Brigida\"}]},{\"@type\":\"WebSite\",\"@id\":\"https:\\\/\\\/readingwhilewalking.com\\\/#website\",\"url\":\"https:\\\/\\\/readingwhilewalking.com\\\/\",\"name\":\"Reading While Walking\",\"description\":\"Marcela Santos Brigida\",\"publisher\":{\"@id\":\"https:\\\/\\\/readingwhilewalking.com\\\/#\\\/schema\\\/person\\\/c17c518265261ae89a624965a1b0810f\"},\"potentialAction\":[{\"@type\":\"SearchAction\",\"target\":{\"@type\":\"EntryPoint\",\"urlTemplate\":\"https:\\\/\\\/readingwhilewalking.com\\\/?s={search_term_string}\"},\"query-input\":{\"@type\":\"PropertyValueSpecification\",\"valueRequired\":true,\"valueName\":\"search_term_string\"}}],\"inLanguage\":\"pt-BR\"},{\"@type\":[\"Person\",\"Organization\"],\"@id\":\"https:\\\/\\\/readingwhilewalking.com\\\/#\\\/schema\\\/person\\\/c17c518265261ae89a624965a1b0810f\",\"name\":\"Marcela Santos Brigida\",\"image\":{\"@type\":\"ImageObject\",\"inLanguage\":\"pt-BR\",\"@id\":\"https:\\\/\\\/readingwhilewalking.com\\\/wp-content\\\/uploads\\\/2024\\\/09\\\/marcela-s-brigida.png\",\"url\":\"https:\\\/\\\/readingwhilewalking.com\\\/wp-content\\\/uploads\\\/2024\\\/09\\\/marcela-s-brigida.png\",\"contentUrl\":\"https:\\\/\\\/readingwhilewalking.com\\\/wp-content\\\/uploads\\\/2024\\\/09\\\/marcela-s-brigida.png\",\"width\":1080,\"height\":1080,\"caption\":\"Marcela Santos Brigida\"},\"logo\":{\"@id\":\"https:\\\/\\\/readingwhilewalking.com\\\/wp-content\\\/uploads\\\/2024\\\/09\\\/marcela-s-brigida.png\"},\"description\":\"Marcela Santos Brigida is an academic, translator, and writer based in Brazil. Her research focuses on the adaptations and appropriations of Charles Dickens\u2019s fiction in 21st-century works, material culture and the book in 19th-century England, and contemporary Irish literature.\",\"sameAs\":[\"https:\\\/\\\/readingwhilewalking.com\",\"https:\\\/\\\/instagram.com\\\/literaturainglesa\",\"https:\\\/\\\/youtube.com\\\/@readingwhilewalking\"]}]}<\/script>\n<!-- \/ Yoast SEO plugin. -->","yoast_head_json":{"title":"Marcela Santos Brigida - Reading While Walking","robots":{"index":"index","follow":"follow","max-snippet":"max-snippet:-1","max-image-preview":"max-image-preview:large","max-video-preview":"max-video-preview:-1"},"canonical":"https:\/\/readingwhilewalking.com\/pt\/about-me\/","og_locale":"pt_BR","og_type":"article","og_title":"Marcela Santos Brigida - Reading While Walking","og_description":"Marcela Santos Brigida is a Brazilian scholar, translator, and writer. Her research focuses on adaptations and appropriations of Charles Dickens\u2019s fiction in twenty-first-century works, on material culture and the book in nineteenth-century England, and on contemporary Irish literature. She has also published in the fields of Performance Studies and Education and Social Justice. She is [&hellip;]","og_url":"https:\/\/readingwhilewalking.com\/pt\/about-me\/","og_site_name":"Reading While Walking","article_modified_time":"2026-01-03T20:37:26+00:00","og_image":[{"width":1080,"height":1080,"url":"https:\/\/readingwhilewalking.com\/wp-content\/uploads\/2024\/09\/marcela-s-brigida.png","type":"image\/png"}],"twitter_card":"summary_large_image","twitter_misc":{"Est. tempo de leitura":"1 minuto"},"schema":{"@context":"https:\/\/schema.org","@graph":[{"@type":"WebPage","@id":"https:\/\/readingwhilewalking.com\/about-me\/","url":"https:\/\/readingwhilewalking.com\/about-me\/","name":"Marcela Santos Brigida - Reading While Walking","isPartOf":{"@id":"https:\/\/readingwhilewalking.com\/#website"},"primaryImageOfPage":{"@id":"https:\/\/readingwhilewalking.com\/about-me\/#primaryimage"},"image":{"@id":"https:\/\/readingwhilewalking.com\/about-me\/#primaryimage"},"thumbnailUrl":"https:\/\/readingwhilewalking.com\/wp-content\/uploads\/2024\/09\/marcela-s-brigida-1024x1024.png","datePublished":"2024-09-10T03:05:39+00:00","dateModified":"2026-01-03T20:37:26+00:00","breadcrumb":{"@id":"https:\/\/readingwhilewalking.com\/about-me\/#breadcrumb"},"inLanguage":"pt-BR","potentialAction":[{"@type":"ReadAction","target":["https:\/\/readingwhilewalking.com\/about-me\/"]}]},{"@type":"ImageObject","inLanguage":"pt-BR","@id":"https:\/\/readingwhilewalking.com\/about-me\/#primaryimage","url":"https:\/\/readingwhilewalking.com\/wp-content\/uploads\/2024\/09\/marcela-s-brigida-1024x1024.png","contentUrl":"https:\/\/readingwhilewalking.com\/wp-content\/uploads\/2024\/09\/marcela-s-brigida-1024x1024.png"},{"@type":"BreadcrumbList","@id":"https:\/\/readingwhilewalking.com\/about-me\/#breadcrumb","itemListElement":[{"@type":"ListItem","position":1,"name":"Home","item":"https:\/\/readingwhilewalking.com\/"},{"@type":"ListItem","position":2,"name":"Marcela Santos Brigida"}]},{"@type":"WebSite","@id":"https:\/\/readingwhilewalking.com\/#website","url":"https:\/\/readingwhilewalking.com\/","name":"Reading While Walking","description":"Marcela Santos Brigida","publisher":{"@id":"https:\/\/readingwhilewalking.com\/#\/schema\/person\/c17c518265261ae89a624965a1b0810f"},"potentialAction":[{"@type":"SearchAction","target":{"@type":"EntryPoint","urlTemplate":"https:\/\/readingwhilewalking.com\/?s={search_term_string}"},"query-input":{"@type":"PropertyValueSpecification","valueRequired":true,"valueName":"search_term_string"}}],"inLanguage":"pt-BR"},{"@type":["Person","Organization"],"@id":"https:\/\/readingwhilewalking.com\/#\/schema\/person\/c17c518265261ae89a624965a1b0810f","name":"Marcela Santos Brigida","image":{"@type":"ImageObject","inLanguage":"pt-BR","@id":"https:\/\/readingwhilewalking.com\/wp-content\/uploads\/2024\/09\/marcela-s-brigida.png","url":"https:\/\/readingwhilewalking.com\/wp-content\/uploads\/2024\/09\/marcela-s-brigida.png","contentUrl":"https:\/\/readingwhilewalking.com\/wp-content\/uploads\/2024\/09\/marcela-s-brigida.png","width":1080,"height":1080,"caption":"Marcela Santos Brigida"},"logo":{"@id":"https:\/\/readingwhilewalking.com\/wp-content\/uploads\/2024\/09\/marcela-s-brigida.png"},"description":"Marcela Santos Brigida is an academic, translator, and writer based in Brazil. Her research focuses on the adaptations and appropriations of Charles Dickens\u2019s fiction in 21st-century works, material culture and the book in 19th-century England, and contemporary Irish literature.","sameAs":["https:\/\/readingwhilewalking.com","https:\/\/instagram.com\/literaturainglesa","https:\/\/youtube.com\/@readingwhilewalking"]}]}},"_links":{"self":[{"href":"https:\/\/readingwhilewalking.com\/pt\/wp-json\/wp\/v2\/pages\/53","targetHints":{"allow":["GET"]}}],"collection":[{"href":"https:\/\/readingwhilewalking.com\/pt\/wp-json\/wp\/v2\/pages"}],"about":[{"href":"https:\/\/readingwhilewalking.com\/pt\/wp-json\/wp\/v2\/types\/page"}],"author":[{"embeddable":true,"href":"https:\/\/readingwhilewalking.com\/pt\/wp-json\/wp\/v2\/users\/1"}],"replies":[{"embeddable":true,"href":"https:\/\/readingwhilewalking.com\/pt\/wp-json\/wp\/v2\/comments?post=53"}],"version-history":[{"count":4,"href":"https:\/\/readingwhilewalking.com\/pt\/wp-json\/wp\/v2\/pages\/53\/revisions"}],"predecessor-version":[{"id":221,"href":"https:\/\/readingwhilewalking.com\/pt\/wp-json\/wp\/v2\/pages\/53\/revisions\/221"}],"wp:attachment":[{"href":"https:\/\/readingwhilewalking.com\/pt\/wp-json\/wp\/v2\/media?parent=53"}],"curies":[{"name":"wp","href":"https:\/\/api.w.org\/{rel}","templated":true}]}}