{"id":7,"date":"2024-09-10T02:17:59","date_gmt":"2024-09-10T02:17:59","guid":{"rendered":"https:\/\/readingwhilewalking.com\/portfolio-page\/"},"modified":"2025-02-08T18:27:40","modified_gmt":"2025-02-08T18:27:40","slug":"publications","status":"publish","type":"page","link":"https:\/\/readingwhilewalking.com\/pt\/publications\/","title":{"rendered":"Publica\u00e7\u00f5es selecionadas"},"content":{"rendered":"\n<div class=\"wp-block-group alignfull has-raft-bg-alt-background-color has-background has-global-padding is-layout-constrained wp-container-core-group-is-layout-ca21e7af wp-block-group-is-layout-constrained\" style=\"margin-top:0;margin-bottom:0;padding-top:var(--wp--preset--spacing--80);padding-right:var(--wp--preset--spacing--40);padding-bottom:var(--wp--preset--spacing--80);padding-left:var(--wp--preset--spacing--40)\"><\/div>\n\n\n\n<div class=\"nfd-container nfd-text-md nfd-wb-text__text-6 wp-block-group has-raft-bg-alt-background-color has-background has-global-padding is-layout-constrained wp-block-group-is-layout-constrained\">\n<div class=\"nfd-gap-xl wp-block-columns is-layout-flex wp-container-core-columns-is-layout-28f84493 wp-block-columns-is-layout-flex\">\n<div class=\"wp-block-column is-layout-flow wp-block-column-is-layout-flow\">\n<h2 class=\"nfd-text-xl nfd-text-balance wp-block-heading\" style=\"font-style:normal;font-weight:600\">books <\/h2>\n\n\n\n<p class=\"\">Edited and authored.<\/p>\n<\/div>\n\n\n\n<div class=\"wp-block-column is-layout-flow wp-block-column-is-layout-flow\">\n<p class=\"\"><a href=\"https:\/\/a.co\/d\/hGlvMAY\">Dickens in Brazil: <em>A Tale of Two Cities in Students&#8217; Voices<\/em>.<\/a> Edited by Marcela Santos Brigida and Victor Soares Lopes. Kellynch Press, 2024.<\/p>\n\n\n\n<p class=\"\"><em><a href=\"https:\/\/a.co\/d\/2chibyA\">Estudos Liter\u00e1rios: um breve manual de pesquisa<\/a><\/em>. Senhora Bennet.<\/p>\n<\/div>\n\n\n\n<div class=\"wp-block-column is-layout-flow wp-block-column-is-layout-flow\">\n<p class=\"\"><a href=\"http:\/\/a.co\/d\/b4b1nHb\"><em>A vida de Charles Dickens<\/em>. <em>Volume 01: 1812-1832<\/em><\/a>, de John Forster. Senhora Bennet. [Translation]<\/p>\n<\/div>\n<\/div>\n<\/div>\n\n\n\n<div class=\"nfd-container nfd-text-md nfd-wb-text__text-6 is-style-nfd-theme-light wp-block-group has-global-padding is-layout-constrained wp-block-group-is-layout-constrained\" style=\"padding-top:var(--wp--preset--spacing--30);padding-bottom:var(--wp--preset--spacing--30)\">\n<div class=\"nfd-gap-xl wp-block-columns is-layout-flex wp-container-core-columns-is-layout-28f84493 wp-block-columns-is-layout-flex\">\n<div class=\"wp-block-column is-layout-flow wp-block-column-is-layout-flow\">\n<h2 class=\"nfd-text-xl nfd-text-balance wp-block-heading\" style=\"font-style:normal;font-weight:600\">articles &amp; essays<\/h2>\n\n\n\n<p class=\"\">Full list available at <a href=\"https:\/\/orcid.org\/0000-0002-0951-1603\">ORCID<\/a> and <a href=\"http:\/\/lattes.cnpq.br\/8734558519476596\" data-type=\"link\" data-id=\"http:\/\/lattes.cnpq.br\/8734558519476596\">Lattes<\/a>.<\/p>\n<\/div>\n\n\n\n<div class=\"wp-block-column is-layout-flow wp-block-column-is-layout-flow\">\n<p class=\"\">\u201cReading-While-Walking: Books and Material Culture in&nbsp;<em>Jane Eyre<\/em>&nbsp;(1847) and&nbsp;<em>Milkman<\/em>&nbsp;(2018).\u201d&nbsp;<em>Bront\u00eb Studies<\/em>, 14 Aug. 2024, pp. 1\u201316, https:\/\/doi.org\/10.1080\/14748932.2024.2379344. Accessed 15 Sept. 2024.<\/p>\n\n\n\n<p class=\"\">\u201cTeaching and Reading Dickens in Brazil: A Tale of Two Cities as a Case Study.\u201d&nbsp;<em>Dickens Quarterly<\/em>, vol. 41, no. 1, 1 Mar. 2024, pp. 80\u201395, https:\/\/doi.org\/10.1353\/dqt.2024.a920206.<\/p>\n\n\n\n<p class=\"\">&#8220;First, I got myself born&#8221;: A Contemporary Take on Dickensian Motherhood in Demon Copperhead (2022). <a href=\"https:\/\/muse.jhu.edu\/journal\/718\">Victorians: A Journal of Culture and Literature<\/a>, Number 146, Winter 2024, pp. 107-122, <a href=\"https:\/\/doi.org\/10.1353\/vct.00010\">https:\/\/doi.org\/10.1353\/vct.00010<\/a><\/p>\n<\/div>\n\n\n\n<div class=\"wp-block-column is-layout-flow wp-block-column-is-layout-flow\">\n<p class=\"\">&nbsp;\u201cMourning the Troubles: Anna Burns\u2019s Milkman as a Gendered Response to the Belfast Agreement.\u201d&nbsp;<em>Ilha Do Desterro a Journal of English Language, Literatures in English and Cultural Studies<\/em>, vol. 74, no. 1, 28 Jan. 2021, https:\/\/doi.org\/10.5007\/2175-8026.2021.e74608.<\/p>\n\n\n\n<p class=\"\">\u201cThere is a morn by men unseen\u201d: A close reading of Dickinson&#8217;s Paradise. Littera: Revista de Estudos Lingu\u00edsticos e Liter\u00e1rios, v. 9, n. 16, 25 Nov 2018<\/p>\n<\/div>\n<\/div>\n<\/div>\n\n\n\n<div class=\"nfd-container nfd-text-md nfd-wb-text__text-6 wp-block-group has-raft-bg-alt-background-color has-background has-global-padding is-layout-constrained wp-block-group-is-layout-constrained\">\n<div class=\"nfd-gap-xl wp-block-columns is-layout-flex wp-container-core-columns-is-layout-28f84493 wp-block-columns-is-layout-flex\">\n<div class=\"wp-block-column is-layout-flow wp-block-column-is-layout-flow\">\n<h2 class=\"nfd-text-xl nfd-text-balance wp-block-heading\" style=\"font-style:normal;font-weight:600\">book chapters<\/h2>\n<\/div>\n\n\n\n<div class=\"wp-block-column is-layout-flow wp-block-column-is-layout-flow\">\n<p class=\"\">&#8220;What is it that constitutes virtue, Mrs. Graham?&#8221;: uma releitura do projeto ficcional de Anne Bront\u00eb no ano do bicenten\u00e1rio.  <em>PPGL\/UERJ escritos discentes em literaturas de l\u00edngua inglesa, volume XIII<\/em>. Edited by Maria Aparecida Andrade Salgueiro; Leila Assump\u00e7\u00e3o Harris. Rio de Janeiro: Letra Capital, 2020, v. 1, p. 130-139.<\/p>\n\n\n\n<p class=\"\">&#8220;But Alice, I&#8217;m still so glad we were born&#8221;: life as Zoe in Sally Rooney&#8217;s <em>Beautiful World, Where Are You<\/em>. <em>PPGL\/UERJ: escritos discentes em literaturas de l\u00edngua inglesa<\/em>. Edited by Adriana Jord\u00e3o, Davi Pinho, and Maria Concei\u00e7\u00e3o Monteiro.Rio de Janeiro: Letra Capital, 2021, v. , p. 174-183.<\/p>\n<\/div>\n\n\n\n<div class=\"wp-block-column is-layout-flow wp-block-column-is-layout-flow\">\n<p class=\"\">&#8220;I don&#8217;t wanna be hers, I wanna be yours&#8221;: a can\u00e7\u00e3o e a performance de Alex Turner em <strong>AM<\/strong> (2013), do Arctic Monkeys. <em>Literaturas de l\u00edngua inglesa: leituras interdisciplinares, vol. VIII<\/em>. Edited by Davi Pinho, Maria Concei\u00e7\u00e3o Monteiro. Rio de Janeiro: Letra Capital, 2023, v. 8, p. 95-106.<\/p>\n\n\n\n<p class=\"\">&#8220;Eu realmente via nele um tirano&#8221;: Charlotte Bront\u00eb e a releitura do vil\u00e3o g\u00f3tico em <em>Jane Eyre<\/em> (1847). <em>Literaturas de l\u00edngua inglesa: leituras interdisciplinares, vol. VII<\/em>. Edited by Adriana Jord\u00e3o and Fernanda Medeiros. Rio de Janeiro: Letra Capital, 2022, v. VII, p. 71-83.<\/p>\n<\/div>\n<\/div>\n<\/div>\n\n\n\n<div class=\"nfd-container nfd-text-md nfd-wb-text__text-6 is-style-nfd-theme-light wp-block-group has-global-padding is-layout-constrained wp-block-group-is-layout-constrained\" style=\"padding-top:var(--wp--preset--spacing--30);padding-bottom:var(--wp--preset--spacing--30)\">\n<div class=\"nfd-gap-xl wp-block-columns is-layout-flex wp-container-core-columns-is-layout-28f84493 wp-block-columns-is-layout-flex\">\n<div class=\"wp-block-column is-layout-flow wp-block-column-is-layout-flow\">\n<h2 class=\"nfd-text-xl nfd-text-balance wp-block-heading\" style=\"font-style:normal;font-weight:600\">fiction <\/h2>\n\n\n\n<p class=\"\"><\/p>\n<\/div>\n\n\n\n<div class=\"wp-block-column is-layout-flow wp-block-column-is-layout-flow\">\n<p class=\"\">Ressurrei\u00e7\u00e3o. <em>Contos. Concurso Liter\u00e1rio Os\u00f3rio Alves de Castro.<\/em> 1ed.Barreiras (BA): Universidade Federal do Oeste da Bahia, 2022, v. 1, p. 138-147. [in Portuguese]<\/p>\n<\/div>\n\n\n\n<div class=\"wp-block-column is-layout-flow wp-block-column-is-layout-flow\">\n<p class=\"\">Paper Bag [<a href=\"https:\/\/readingwhilewalking.substack.com\/p\/paper-bag\">short story<\/a>]<\/p>\n\n\n\n<p class=\"\">Mourning Lane [<a href=\"https:\/\/readingwhilewalking.substack.com\/p\/mourning-lane\">short story<\/a>]<\/p>\n\n\n\n<p class=\"\">Bad Influencer [<a href=\"https:\/\/readingwhilewalking.substack.com\/p\/bad-influencer\">short story<\/a>]<\/p>\n<\/div>\n<\/div>\n<\/div>\n\n\n\n<div class=\"nfd-container nfd-text-md nfd-wb-text__text-6 is-style-default wp-block-group has-global-padding is-layout-constrained wp-block-group-is-layout-constrained\" style=\"padding-top:var(--wp--preset--spacing--30);padding-bottom:var(--wp--preset--spacing--30)\">\n<div class=\"nfd-gap-xl wp-block-columns is-layout-flex wp-container-core-columns-is-layout-28f84493 wp-block-columns-is-layout-flex\">\n<div class=\"wp-block-column is-layout-flow wp-block-column-is-layout-flow\">\n<h2 class=\"nfd-text-xl nfd-text-balance wp-block-heading\" style=\"font-style:normal;font-weight:600\">other work<\/h2>\n\n\n\n<p class=\"\">Forewords, afterwords, and introductions.<\/p>\n<\/div>\n\n\n\n<div class=\"wp-block-column is-layout-flow wp-block-column-is-layout-flow\">\n<p class=\"\">Por que George Eliot? Um esbo\u00e7o da escritora e de suas assinaturas.&nbsp;<em>Middlemarch. <\/em>George Eliot, translated by Leonardo Fr\u00f3es. Editora Pinard, 2022. [Afterword]<\/p>\n\n\n\n<p class=\"\">Pref\u00e1cio. <em>Virginia Woolf: uma breve introdu\u00e7\u00e3o. <\/em>Lucas Leite Borba, Senhora Bennet, 2024. [Foreword]<\/p>\n\n\n\n<p class=\"\"><\/p>\n<\/div>\n\n\n\n<div class=\"wp-block-column is-layout-flow wp-block-column-is-layout-flow\">\n<p class=\"\">Pref\u00e1cio. <em>A pedra da lua. <\/em>Wilkie Collins. Ed. Pedrazul, 2022. [Introduction]<\/p>\n\n\n\n<p class=\"\">A rainha dos romances de sensa\u00e7\u00e3o. <em>As trevas de uma era. <\/em>Mary Elizabeth Braddon, Ed. Wish, 2022. [Introduction to a collection of short stories by Mary Braddon].<\/p>\n<\/div>\n<\/div>\n<\/div>\n\n\n\n<div class=\"wp-block-group alignfull has-raft-fg-alt-color has-raft-bg-inv-background-color has-text-color has-background has-link-color wp-elements-80afd45a140760743e9d6cfe66ebec9e is-layout-flow wp-container-core-group-is-layout-60ec7785 wp-block-group-is-layout-flow\" style=\"margin-top:0;margin-bottom:0;padding-top:0;padding-right:0;padding-bottom:0;padding-left:0\"><\/div>\n\n\n\n<p class=\"\"><\/p>\n","protected":false},"excerpt":{"rendered":"<p>books Edited and authored. Dickens in Brazil: A Tale of Two Cities in Students&#8217; Voices. Edited by Marcela Santos Brigida and Victor Soares Lopes. Kellynch Press, 2024. Estudos Liter\u00e1rios: um breve manual de pesquisa. Senhora Bennet. A vida de Charles Dickens. Volume 01: 1812-1832, de John Forster. Senhora Bennet. [Translation] articles &amp; essays Full list [&hellip;]<\/p>\n","protected":false},"author":1,"featured_media":0,"parent":0,"menu_order":0,"comment_status":"closed","ping_status":"closed","template":"","meta":{"_acf_changed":false,"nf_dc_page":"","_themeisle_gutenberg_block_has_review":false,"footnotes":""},"class_list":["post-7","page","type-page","status-publish","hentry"],"acf":[],"yoast_head":"<!-- This site is optimized with the Yoast SEO plugin v27.4 - https:\/\/yoast.com\/product\/yoast-seo-wordpress\/ -->\n<title>Selected Publications - Reading While Walking<\/title>\n<meta name=\"robots\" content=\"index, follow, max-snippet:-1, max-image-preview:large, max-video-preview:-1\" \/>\n<link rel=\"canonical\" href=\"https:\/\/readingwhilewalking.com\/pt\/publications\/\" \/>\n<meta property=\"og:locale\" content=\"pt_BR\" \/>\n<meta property=\"og:type\" content=\"article\" \/>\n<meta property=\"og:title\" content=\"Selected Publications - Reading While Walking\" \/>\n<meta property=\"og:description\" content=\"books Edited and authored. Dickens in Brazil: A Tale of Two Cities in Students&#8217; Voices. Edited by Marcela Santos Brigida and Victor Soares Lopes. Kellynch Press, 2024. Estudos Liter\u00e1rios: um breve manual de pesquisa. Senhora Bennet. A vida de Charles Dickens. Volume 01: 1812-1832, de John Forster. Senhora Bennet. [Translation] articles &amp; essays Full list [&hellip;]\" \/>\n<meta property=\"og:url\" content=\"https:\/\/readingwhilewalking.com\/pt\/publications\/\" \/>\n<meta property=\"og:site_name\" content=\"Reading While Walking\" \/>\n<meta property=\"article:modified_time\" content=\"2025-02-08T18:27:40+00:00\" \/>\n<meta name=\"twitter:card\" content=\"summary_large_image\" \/>\n<meta name=\"twitter:label1\" content=\"Est. tempo de leitura\" \/>\n\t<meta name=\"twitter:data1\" content=\"3 minutos\" \/>\n<script type=\"application\/ld+json\" class=\"yoast-schema-graph\">{\"@context\":\"https:\\\/\\\/schema.org\",\"@graph\":[{\"@type\":\"WebPage\",\"@id\":\"https:\\\/\\\/readingwhilewalking.com\\\/publications\\\/\",\"url\":\"https:\\\/\\\/readingwhilewalking.com\\\/publications\\\/\",\"name\":\"Selected Publications - Reading While Walking\",\"isPartOf\":{\"@id\":\"https:\\\/\\\/readingwhilewalking.com\\\/#website\"},\"datePublished\":\"2024-09-10T02:17:59+00:00\",\"dateModified\":\"2025-02-08T18:27:40+00:00\",\"breadcrumb\":{\"@id\":\"https:\\\/\\\/readingwhilewalking.com\\\/publications\\\/#breadcrumb\"},\"inLanguage\":\"pt-BR\",\"potentialAction\":[{\"@type\":\"ReadAction\",\"target\":[\"https:\\\/\\\/readingwhilewalking.com\\\/publications\\\/\"]}]},{\"@type\":\"BreadcrumbList\",\"@id\":\"https:\\\/\\\/readingwhilewalking.com\\\/publications\\\/#breadcrumb\",\"itemListElement\":[{\"@type\":\"ListItem\",\"position\":1,\"name\":\"Home\",\"item\":\"https:\\\/\\\/readingwhilewalking.com\\\/\"},{\"@type\":\"ListItem\",\"position\":2,\"name\":\"Selected Publications\"}]},{\"@type\":\"WebSite\",\"@id\":\"https:\\\/\\\/readingwhilewalking.com\\\/#website\",\"url\":\"https:\\\/\\\/readingwhilewalking.com\\\/\",\"name\":\"Reading While Walking\",\"description\":\"Marcela Santos Brigida\",\"publisher\":{\"@id\":\"https:\\\/\\\/readingwhilewalking.com\\\/#\\\/schema\\\/person\\\/c17c518265261ae89a624965a1b0810f\"},\"potentialAction\":[{\"@type\":\"SearchAction\",\"target\":{\"@type\":\"EntryPoint\",\"urlTemplate\":\"https:\\\/\\\/readingwhilewalking.com\\\/?s={search_term_string}\"},\"query-input\":{\"@type\":\"PropertyValueSpecification\",\"valueRequired\":true,\"valueName\":\"search_term_string\"}}],\"inLanguage\":\"pt-BR\"},{\"@type\":[\"Person\",\"Organization\"],\"@id\":\"https:\\\/\\\/readingwhilewalking.com\\\/#\\\/schema\\\/person\\\/c17c518265261ae89a624965a1b0810f\",\"name\":\"Marcela Santos Brigida\",\"image\":{\"@type\":\"ImageObject\",\"inLanguage\":\"pt-BR\",\"@id\":\"https:\\\/\\\/readingwhilewalking.com\\\/wp-content\\\/uploads\\\/2024\\\/09\\\/marcela-s-brigida.png\",\"url\":\"https:\\\/\\\/readingwhilewalking.com\\\/wp-content\\\/uploads\\\/2024\\\/09\\\/marcela-s-brigida.png\",\"contentUrl\":\"https:\\\/\\\/readingwhilewalking.com\\\/wp-content\\\/uploads\\\/2024\\\/09\\\/marcela-s-brigida.png\",\"width\":1080,\"height\":1080,\"caption\":\"Marcela Santos Brigida\"},\"logo\":{\"@id\":\"https:\\\/\\\/readingwhilewalking.com\\\/wp-content\\\/uploads\\\/2024\\\/09\\\/marcela-s-brigida.png\"},\"description\":\"Marcela Santos Brigida is an academic, translator, and writer based in Brazil. Her research focuses on the adaptations and appropriations of Charles Dickens\u2019s fiction in 21st-century works, material culture and the book in 19th-century England, and contemporary Irish literature.\",\"sameAs\":[\"https:\\\/\\\/readingwhilewalking.com\",\"https:\\\/\\\/instagram.com\\\/literaturainglesa\",\"https:\\\/\\\/youtube.com\\\/@readingwhilewalking\"]}]}<\/script>\n<!-- \/ Yoast SEO plugin. -->","yoast_head_json":{"title":"Selected Publications - Reading While Walking","robots":{"index":"index","follow":"follow","max-snippet":"max-snippet:-1","max-image-preview":"max-image-preview:large","max-video-preview":"max-video-preview:-1"},"canonical":"https:\/\/readingwhilewalking.com\/pt\/publications\/","og_locale":"pt_BR","og_type":"article","og_title":"Selected Publications - Reading While Walking","og_description":"books Edited and authored. Dickens in Brazil: A Tale of Two Cities in Students&#8217; Voices. Edited by Marcela Santos Brigida and Victor Soares Lopes. Kellynch Press, 2024. Estudos Liter\u00e1rios: um breve manual de pesquisa. Senhora Bennet. A vida de Charles Dickens. Volume 01: 1812-1832, de John Forster. Senhora Bennet. [Translation] articles &amp; essays Full list [&hellip;]","og_url":"https:\/\/readingwhilewalking.com\/pt\/publications\/","og_site_name":"Reading While Walking","article_modified_time":"2025-02-08T18:27:40+00:00","twitter_card":"summary_large_image","twitter_misc":{"Est. tempo de leitura":"3 minutos"},"schema":{"@context":"https:\/\/schema.org","@graph":[{"@type":"WebPage","@id":"https:\/\/readingwhilewalking.com\/publications\/","url":"https:\/\/readingwhilewalking.com\/publications\/","name":"Selected Publications - Reading While Walking","isPartOf":{"@id":"https:\/\/readingwhilewalking.com\/#website"},"datePublished":"2024-09-10T02:17:59+00:00","dateModified":"2025-02-08T18:27:40+00:00","breadcrumb":{"@id":"https:\/\/readingwhilewalking.com\/publications\/#breadcrumb"},"inLanguage":"pt-BR","potentialAction":[{"@type":"ReadAction","target":["https:\/\/readingwhilewalking.com\/publications\/"]}]},{"@type":"BreadcrumbList","@id":"https:\/\/readingwhilewalking.com\/publications\/#breadcrumb","itemListElement":[{"@type":"ListItem","position":1,"name":"Home","item":"https:\/\/readingwhilewalking.com\/"},{"@type":"ListItem","position":2,"name":"Selected Publications"}]},{"@type":"WebSite","@id":"https:\/\/readingwhilewalking.com\/#website","url":"https:\/\/readingwhilewalking.com\/","name":"Reading While Walking","description":"Marcela Santos Brigida","publisher":{"@id":"https:\/\/readingwhilewalking.com\/#\/schema\/person\/c17c518265261ae89a624965a1b0810f"},"potentialAction":[{"@type":"SearchAction","target":{"@type":"EntryPoint","urlTemplate":"https:\/\/readingwhilewalking.com\/?s={search_term_string}"},"query-input":{"@type":"PropertyValueSpecification","valueRequired":true,"valueName":"search_term_string"}}],"inLanguage":"pt-BR"},{"@type":["Person","Organization"],"@id":"https:\/\/readingwhilewalking.com\/#\/schema\/person\/c17c518265261ae89a624965a1b0810f","name":"Marcela Santos Brigida","image":{"@type":"ImageObject","inLanguage":"pt-BR","@id":"https:\/\/readingwhilewalking.com\/wp-content\/uploads\/2024\/09\/marcela-s-brigida.png","url":"https:\/\/readingwhilewalking.com\/wp-content\/uploads\/2024\/09\/marcela-s-brigida.png","contentUrl":"https:\/\/readingwhilewalking.com\/wp-content\/uploads\/2024\/09\/marcela-s-brigida.png","width":1080,"height":1080,"caption":"Marcela Santos Brigida"},"logo":{"@id":"https:\/\/readingwhilewalking.com\/wp-content\/uploads\/2024\/09\/marcela-s-brigida.png"},"description":"Marcela Santos Brigida is an academic, translator, and writer based in Brazil. Her research focuses on the adaptations and appropriations of Charles Dickens\u2019s fiction in 21st-century works, material culture and the book in 19th-century England, and contemporary Irish literature.","sameAs":["https:\/\/readingwhilewalking.com","https:\/\/instagram.com\/literaturainglesa","https:\/\/youtube.com\/@readingwhilewalking"]}]}},"_links":{"self":[{"href":"https:\/\/readingwhilewalking.com\/pt\/wp-json\/wp\/v2\/pages\/7","targetHints":{"allow":["GET"]}}],"collection":[{"href":"https:\/\/readingwhilewalking.com\/pt\/wp-json\/wp\/v2\/pages"}],"about":[{"href":"https:\/\/readingwhilewalking.com\/pt\/wp-json\/wp\/v2\/types\/page"}],"author":[{"embeddable":true,"href":"https:\/\/readingwhilewalking.com\/pt\/wp-json\/wp\/v2\/users\/1"}],"replies":[{"embeddable":true,"href":"https:\/\/readingwhilewalking.com\/pt\/wp-json\/wp\/v2\/comments?post=7"}],"version-history":[{"count":5,"href":"https:\/\/readingwhilewalking.com\/pt\/wp-json\/wp\/v2\/pages\/7\/revisions"}],"predecessor-version":[{"id":207,"href":"https:\/\/readingwhilewalking.com\/pt\/wp-json\/wp\/v2\/pages\/7\/revisions\/207"}],"wp:attachment":[{"href":"https:\/\/readingwhilewalking.com\/pt\/wp-json\/wp\/v2\/media?parent=7"}],"curies":[{"name":"wp","href":"https:\/\/api.w.org\/{rel}","templated":true}]}}